{"id":760,"date":"2025-08-27T18:59:26","date_gmt":"2025-08-27T15:59:26","guid":{"rendered":"https:\/\/hamefed.org\/?page_id=760"},"modified":"2025-09-07T18:30:00","modified_gmt":"2025-09-07T15:30:00","slug":"etkinlikler","status":"publish","type":"page","link":"https:\/\/hamefed.org\/index.php\/etkinlikler\/","title":{"rendered":"ETK\u0130NL\u0130KLER"},"content":{"rendered":"\t\t<div data-elementor-type=\"wp-page\" data-elementor-id=\"760\" class=\"elementor elementor-760\" data-elementor-post-type=\"page\">\n\t\t\t\t\t\t<section class=\"elementor-section elementor-top-section elementor-element elementor-element-52b3cd3a elementor-section-height-min-height elementor-section-boxed elementor-section-height-default elementor-section-items-middle\" data-id=\"52b3cd3a\" data-element_type=\"section\" data-settings=\"{&quot;background_background&quot;:&quot;classic&quot;,&quot;shape_divider_bottom&quot;:&quot;mountains&quot;}\">\n\t\t\t\t\t\t\t<div class=\"elementor-background-overlay\"><\/div>\n\t\t\t\t\t\t<div class=\"elementor-shape elementor-shape-bottom\" aria-hidden=\"true\" data-negative=\"false\">\n\t\t\t<svg xmlns=\"http:\/\/www.w3.org\/2000\/svg\" viewBox=\"0 0 1000 100\" preserveAspectRatio=\"none\">\n\t<path class=\"elementor-shape-fill\" opacity=\"0.33\" d=\"M473,67.3c-203.9,88.3-263.1-34-320.3,0C66,119.1,0,59.7,0,59.7V0h1000v59.7 c0,0-62.1,26.1-94.9,29.3c-32.8,3.3-62.8-12.3-75.8-22.1C806,49.6,745.3,8.7,694.9,4.7S492.4,59,473,67.3z\"\/>\n\t<path class=\"elementor-shape-fill\" opacity=\"0.66\" d=\"M734,67.3c-45.5,0-77.2-23.2-129.1-39.1c-28.6-8.7-150.3-10.1-254,39.1 s-91.7-34.4-149.2,0C115.7,118.3,0,39.8,0,39.8V0h1000v36.5c0,0-28.2-18.5-92.1-18.5C810.2,18.1,775.7,67.3,734,67.3z\"\/>\n\t<path class=\"elementor-shape-fill\" d=\"M766.1,28.9c-200-57.5-266,65.5-395.1,19.5C242,1.8,242,5.4,184.8,20.6C128,35.8,132.3,44.9,89.9,52.5C28.6,63.7,0,0,0,0 h1000c0,0-9.9,40.9-83.6,48.1S829.6,47,766.1,28.9z\"\/>\n<\/svg>\t\t<\/div>\n\t\t\t\t\t<div class=\"elementor-container elementor-column-gap-default\">\n\t\t\t\t\t<div class=\"elementor-column elementor-col-100 elementor-top-column elementor-element elementor-element-4d1f498e\" data-id=\"4d1f498e\" data-element_type=\"column\">\n\t\t\t<div class=\"elementor-widget-wrap elementor-element-populated\">\n\t\t\t\t\t\t<div class=\"elementor-element elementor-element-3c903666 elementor-widget__width-initial elementor-absolute elementor-widget elementor-widget-image\" data-id=\"3c903666\" data-element_type=\"widget\" data-settings=\"{&quot;_position&quot;:&quot;absolute&quot;}\" data-widget_type=\"image.default\">\n\t\t\t\t<div class=\"elementor-widget-container\">\n\t\t\t\t\t\t\t\t\t\t\t\t\t\t\t<img fetchpriority=\"high\" decoding=\"async\" width=\"293\" height=\"325\" src=\"https:\/\/hamefed.org\/wp-content\/uploads\/2025\/08\/imgi_33_spade-1.png\" class=\"attachment-large size-large wp-image-598\" alt=\"\" \/>\t\t\t\t\t\t\t\t\t\t\t\t\t\t\t<\/div>\n\t\t\t\t<\/div>\n\t\t\t\t<div class=\"elementor-element elementor-element-56465e14 elementor-widget__width-inherit elementor-widget elementor-widget-heading\" data-id=\"56465e14\" data-element_type=\"widget\" data-widget_type=\"heading.default\">\n\t\t\t\t<div class=\"elementor-widget-container\">\n\t\t\t\t\t<h2 class=\"elementor-heading-title elementor-size-default\">HAMEFED<\/h2>\t\t\t\t<\/div>\n\t\t\t\t<\/div>\n\t\t\t\t<div class=\"elementor-element elementor-element-48379ad5 elementor-widget elementor-widget-heading\" data-id=\"48379ad5\" data-element_type=\"widget\" data-widget_type=\"heading.default\">\n\t\t\t\t<div class=\"elementor-widget-container\">\n\t\t\t\t\t<h2 class=\"elementor-heading-title elementor-size-default\">Etkinliklerimiz<\/h2>\t\t\t\t<\/div>\n\t\t\t\t<\/div>\n\t\t\t\t\t<\/div>\n\t\t<\/div>\n\t\t\t\t\t<\/div>\n\t\t<\/section>\n\t\t\t\t<section class=\"elementor-section elementor-top-section elementor-element elementor-element-cc0bdd9 elementor-section-boxed elementor-section-height-default elementor-section-height-default\" data-id=\"cc0bdd9\" data-element_type=\"section\">\n\t\t\t\t\t\t<div class=\"elementor-container elementor-column-gap-default\">\n\t\t\t\t\t<div class=\"elementor-column elementor-col-100 elementor-top-column elementor-element elementor-element-98fc3e6\" data-id=\"98fc3e6\" data-element_type=\"column\">\n\t\t\t<div class=\"elementor-widget-wrap elementor-element-populated\">\n\t\t\t\t\t\t<div class=\"elementor-element elementor-element-ee4c6b5 elementor-widget elementor-widget-elementskit-blog-posts\" data-id=\"ee4c6b5\" data-element_type=\"widget\" data-widget_type=\"elementskit-blog-posts.default\">\n\t\t\t\t<div class=\"elementor-widget-container\">\n\t\t\t\t\t<div class=\"ekit-wid-con\" >        <div id=\"post-items--ee4c6b5\" class=\"row post-items\">\n                    <div class=\"col-lg-3 col-md-6\">\n\n                                    <div class=\"elementskit-post-image-card\">\n                        <div class=\"elementskit-entry-header\">\n                                                            <a href=\"https:\/\/hamefed.org\/index.php\/2025\/08\/27\/ankara-gezimiz\/\" class=\"elementskit-entry-thumb\">\n                                    <img decoding=\"async\" src=\"https:\/\/hamefed.org\/wp-content\/uploads\/2025\/08\/HAMEF_LOGO-1-removebg-preview.png\" alt=\"An\u0131tkabir Ziyareti\">\n                                <\/a><!-- .elementskit-entry-thumb END -->\n                                                            \n                            \n\t\t\t\t\t\t\t\t\t\t\t\t\t<\/div><!-- .elementskit-entry-header END -->\n\n\t\t\t\t\t\t<div class=\"elementskit-post-body \">\n\t\t\t\t\t\t\t\n\t\t\t\t\t\t\t\t\t\t\t\t\t\t\t\t\t\t\t\t\t\t\t\t\t\t\t\t\t\t\n\t\t\t\t\t\t\t\t\n\t\t\t\t\t\t\t\t\t\t\t\t\t\t\t\t\t\t\t\t\t<h2 class=\"entry-title\">\n\t\t\t\t\t<a href=\"https:\/\/hamefed.org\/index.php\/2025\/08\/27\/ankara-gezimiz\/\">\n\t\t\t\t\t\tAn\u0131tkabir Ziyareti\t\t\t\t\t<\/a>\n\t\t\t\t<\/h2>\n\t\t\t\t\t\t\t\t\t\t\t\t\t\t\t\t\t\t\t\t\t\t\t\t\t\t\t\t\t\t\t\t\t\t\t\t\t\t\t\t\t\t<p>Hatay\u2019\u0131n Anavatana Kat\u0131l\u0131\u015f\u0131n\u0131n 86. Y\u0131l D\u00f6n\u00fcm\u00fc An\u0131tkabir Ziyaretiyle Kutland\u0131 Hatay\u2019\u0131n T\u00fcrkiye Cumhuriyeti\u2019ne kat\u0131l\u0131\u015f\u0131n\u0131n 86. y\u0131l&hellip;<\/p>\n\t\t\t\t\t\t\t\t\t\t\t\t\t\t\t\t\t\t\t\t\t\t                                                            <div class=\"btn-wraper\">\n                                    \n                                                                            <a class=\"elementskit-btn whitespace--normal\" id=\"\" href=\"https:\/\/hamefed.org\/index.php\/2025\/08\/27\/ankara-gezimiz\/\">\n                                        \t                                            Devam\u0131n\u0131 Oku                                        <\/a>\n                                                                    <\/div>\n                                                    <\/div><!-- .elementskit-post-body END -->\n                    <\/div>\n                \n            <\/div>\n                <\/div>\n       <\/div>\t\t\t\t<\/div>\n\t\t\t\t<\/div>\n\t\t\t\t\t<\/div>\n\t\t<\/div>\n\t\t\t\t\t<\/div>\n\t\t<\/section>\n\t\t\t\t<\/div>\n\t\t","protected":false},"excerpt":{"rendered":"<p>HAMEFED Etkinliklerimiz Ankara Gezimiz Hatay\u2019\u0131n Anavatana Kat\u0131l\u0131\u015f\u0131n\u0131n 86. Y\u0131l D\u00f6n\u00fcm\u00fc An\u0131tkabir Ziyaretiyle Kutland\u0131 Hatay\u2019\u0131n T\u00fcrkiye Cumhuriyeti\u2019ne kat\u0131l\u0131\u015f\u0131n\u0131n 86. y\u0131l&hellip; Devam\u0131n\u0131 Oku Konya Deplasman\u0131 Kul\u00fcb\u00fcm\u00fcz\u00fcn Konya deplasman\u0131 i\u00e7in d\u00fczenledi\u011fimiz organizasyonu, de\u011ferli \u00fcyelerimizin ve destek\u00e7ilerimizin katk\u0131lar\u0131yla ba\u015far\u0131yla tamamlad\u0131k. Devam\u0131n\u0131 Oku<\/p>\n","protected":false},"author":3,"featured_media":0,"parent":0,"menu_order":0,"comment_status":"closed","ping_status":"closed","template":"","meta":{"footnotes":""},"class_list":["post-760","page","type-page","status-publish","hentry"],"_links":{"self":[{"href":"https:\/\/hamefed.org\/index.php\/wp-json\/wp\/v2\/pages\/760","targetHints":{"allow":["GET"]}}],"collection":[{"href":"https:\/\/hamefed.org\/index.php\/wp-json\/wp\/v2\/pages"}],"about":[{"href":"https:\/\/hamefed.org\/index.php\/wp-json\/wp\/v2\/types\/page"}],"author":[{"embeddable":true,"href":"https:\/\/hamefed.org\/index.php\/wp-json\/wp\/v2\/users\/3"}],"replies":[{"embeddable":true,"href":"https:\/\/hamefed.org\/index.php\/wp-json\/wp\/v2\/comments?post=760"}],"version-history":[{"count":118,"href":"https:\/\/hamefed.org\/index.php\/wp-json\/wp\/v2\/pages\/760\/revisions"}],"predecessor-version":[{"id":1885,"href":"https:\/\/hamefed.org\/index.php\/wp-json\/wp\/v2\/pages\/760\/revisions\/1885"}],"wp:attachment":[{"href":"https:\/\/hamefed.org\/index.php\/wp-json\/wp\/v2\/media?parent=760"}],"curies":[{"name":"wp","href":"https:\/\/api.w.org\/{rel}","templated":true}]}}