{"id":468,"date":"2025-08-24T14:08:11","date_gmt":"2025-08-24T11:08:11","guid":{"rendered":"https:\/\/hamefed.org\/?page_id=468"},"modified":"2025-10-08T00:23:26","modified_gmt":"2025-10-07T21:23:26","slug":"kadin-kollari","status":"publish","type":"page","link":"https:\/\/hamefed.org\/index.php\/kadin-kollari\/","title":{"rendered":"Kad\u0131n Kollar\u0131"},"content":{"rendered":"\t\t<div data-elementor-type=\"wp-page\" data-elementor-id=\"468\" class=\"elementor elementor-468\" data-elementor-post-type=\"page\">\n\t\t\t\t\t\t<section class=\"elementor-section elementor-top-section elementor-element elementor-element-28fb4bf1 elementor-section-height-min-height elementor-section-boxed elementor-section-height-default elementor-section-items-middle\" data-id=\"28fb4bf1\" data-element_type=\"section\" data-settings=\"{&quot;background_background&quot;:&quot;classic&quot;,&quot;shape_divider_bottom&quot;:&quot;mountains&quot;}\">\n\t\t\t\t\t\t\t<div class=\"elementor-background-overlay\"><\/div>\n\t\t\t\t\t\t<div class=\"elementor-shape elementor-shape-bottom\" aria-hidden=\"true\" data-negative=\"false\">\n\t\t\t<svg xmlns=\"http:\/\/www.w3.org\/2000\/svg\" viewBox=\"0 0 1000 100\" preserveAspectRatio=\"none\">\n\t<path class=\"elementor-shape-fill\" opacity=\"0.33\" d=\"M473,67.3c-203.9,88.3-263.1-34-320.3,0C66,119.1,0,59.7,0,59.7V0h1000v59.7 c0,0-62.1,26.1-94.9,29.3c-32.8,3.3-62.8-12.3-75.8-22.1C806,49.6,745.3,8.7,694.9,4.7S492.4,59,473,67.3z\"\/>\n\t<path class=\"elementor-shape-fill\" opacity=\"0.66\" d=\"M734,67.3c-45.5,0-77.2-23.2-129.1-39.1c-28.6-8.7-150.3-10.1-254,39.1 s-91.7-34.4-149.2,0C115.7,118.3,0,39.8,0,39.8V0h1000v36.5c0,0-28.2-18.5-92.1-18.5C810.2,18.1,775.7,67.3,734,67.3z\"\/>\n\t<path class=\"elementor-shape-fill\" d=\"M766.1,28.9c-200-57.5-266,65.5-395.1,19.5C242,1.8,242,5.4,184.8,20.6C128,35.8,132.3,44.9,89.9,52.5C28.6,63.7,0,0,0,0 h1000c0,0-9.9,40.9-83.6,48.1S829.6,47,766.1,28.9z\"\/>\n<\/svg>\t\t<\/div>\n\t\t\t\t\t<div class=\"elementor-container elementor-column-gap-default\">\n\t\t\t\t\t<div class=\"elementor-column elementor-col-100 elementor-top-column elementor-element elementor-element-2a6645dc\" data-id=\"2a6645dc\" data-element_type=\"column\">\n\t\t\t<div class=\"elementor-widget-wrap elementor-element-populated\">\n\t\t\t\t\t\t<div class=\"elementor-element elementor-element-bad0834 elementor-widget__width-initial elementor-absolute elementor-widget elementor-widget-image\" data-id=\"bad0834\" data-element_type=\"widget\" data-settings=\"{&quot;_position&quot;:&quot;absolute&quot;}\" data-widget_type=\"image.default\">\n\t\t\t\t<div class=\"elementor-widget-container\">\n\t\t\t\t\t\t\t\t\t\t\t\t\t\t\t<img fetchpriority=\"high\" decoding=\"async\" width=\"293\" height=\"325\" src=\"https:\/\/hamefed.org\/wp-content\/uploads\/2025\/08\/imgi_33_spade-1.png\" class=\"attachment-large size-large wp-image-598\" alt=\"\" \/>\t\t\t\t\t\t\t\t\t\t\t\t\t\t\t<\/div>\n\t\t\t\t<\/div>\n\t\t\t\t<div class=\"elementor-element elementor-element-3c282cb5 elementor-widget__width-inherit elementor-widget elementor-widget-heading\" data-id=\"3c282cb5\" data-element_type=\"widget\" data-widget_type=\"heading.default\">\n\t\t\t\t<div class=\"elementor-widget-container\">\n\t\t\t\t\t<h2 class=\"elementor-heading-title elementor-size-default\">HAMEFED<\/h2>\t\t\t\t<\/div>\n\t\t\t\t<\/div>\n\t\t\t\t<div class=\"elementor-element elementor-element-6ff03e39 elementor-widget elementor-widget-heading\" data-id=\"6ff03e39\" data-element_type=\"widget\" data-widget_type=\"heading.default\">\n\t\t\t\t<div class=\"elementor-widget-container\">\n\t\t\t\t\t<h2 class=\"elementor-heading-title elementor-size-default\">Hatay Medeniyetler Federasyonu <br> Kad\u0131n Kollar\u0131<\/h2>\t\t\t\t<\/div>\n\t\t\t\t<\/div>\n\t\t\t\t\t<\/div>\n\t\t<\/div>\n\t\t\t\t\t<\/div>\n\t\t<\/section>\n\t\t\t\t<section class=\"elementor-section elementor-top-section elementor-element elementor-element-1c66d18f elementor-section-boxed elementor-section-height-default elementor-section-height-default\" data-id=\"1c66d18f\" data-element_type=\"section\">\n\t\t\t\t\t\t<div class=\"elementor-container elementor-column-gap-wide\">\n\t\t\t\t\t<div class=\"elementor-column elementor-col-25 elementor-top-column elementor-element elementor-element-2becd437\" data-id=\"2becd437\" data-element_type=\"column\" data-settings=\"{&quot;background_background&quot;:&quot;classic&quot;}\">\n\t\t\t<div class=\"elementor-widget-wrap elementor-element-populated\">\n\t\t\t\t\t\t<div class=\"elementor-element elementor-element-2ad2491b elementor-widget elementor-widget-sina_team\" data-id=\"2ad2491b\" data-element_type=\"widget\" data-widget_type=\"sina_team.default\">\n\t\t\t\t<div class=\"elementor-widget-container\">\n\t\t\t\t\t\t\t<div class=\"sina-team clearfix sina-team-box-move\">\r\n\t\t\t\t\t\t\t\t\t\t\t\t<img decoding=\"async\" class=\"\" src=\"https:\/\/hamefed.org\/wp-content\/uploads\/2025\/09\/seher_kadirgan.png\" alt=\"Seher Ok\u015far Kad\u0131rgan\">\r\n\t\t\t\t\t\t\t\r\n\t\t\t<div class=\"sina-team-content\">\r\n\t\t\t\t\t\t\t\t\t<h5 class=\"sina-team-name\">\r\n\t\t\t\t\t\tSeher Ok\u015far Kad\u0131rgan\t\t\t\t\t<\/h5>\r\n\t\t\t\t\r\n\t\t\t\t\t\t\t\t\t<h6 class=\"sina-team-position\">\r\n\t\t\t\t\t\tKad\u0131n Kollar\u0131 Ba\u015fkan\u0131\t\t\t\t\t<\/h6>\r\n\t\t\t\t\r\n\t\t\t\t\t\t\t\t\t<div class=\"sina-team-desc\">\r\n\t\t\t\t\t\tKad\u0131n Kollar\u0131 Ba\u015fkan\u0131 olarak, kad\u0131nlar\u0131m\u0131z\u0131n toplumsal hayata daha g\u00fc\u00e7l\u00fc bir \u015fekilde kat\u0131l\u0131m sa\u011flamas\u0131 i\u00e7in g\u00f6n\u00fcll\u00fc \u00e7al\u0131\u015fmalar y\u00fcr\u00fctmekte ve \u00e7e\u015fitli projelere \u00f6nc\u00fcl\u00fck etmektedir. Amac\u0131, dayan\u0131\u015fma ve i\u015f birli\u011fi i\u00e7erisinde kad\u0131nlar\u0131n sesi olmak ve onlar\u0131n \u00fcretkenli\u011fini desteklemektir.\t\t\t\t\t<\/div>\r\n\t\t\t\t\r\n\t\t\t\t<ul class=\"sina-team-social\">\r\n\t\t\t\t\t\t\t\t\t\t\t<li class=\"elementor-repeater-item-4b3a1f8\">\r\n\t\t\t\t\t\t\t<a class=\"\" href=\"https:\/\/www.instagram.com\/seher_oksar\/\" target=\"_blank\" rel=\"noopener\">\r\n\t\t\t\t\t\t\t\t<i class=\"fa fa-instagram\"><\/i>\r\n\t\t\t\t\t\t\t<\/a>\r\n\t\t\t\t\t\t<\/li>\r\n\t\t\t\t\t\t\t\t\t\t\t<li class=\"elementor-repeater-item-5d129c7\">\r\n\t\t\t\t\t\t\t<a class=\"\" href=\"https:\/\/x.com\/seher_oksar\">\r\n\t\t\t\t\t\t\t\t<i class=\"fa fa-twitter\"><\/i>\r\n\t\t\t\t\t\t\t<\/a>\r\n\t\t\t\t\t\t<\/li>\r\n\t\t\t\t\t\t\t\t\t\t\t<li class=\"elementor-repeater-item-597bca9\">\r\n\t\t\t\t\t\t\t<a class=\"\" href=\"https:\/\/linkedin.com\" target=\"_blank\" rel=\"noopener\">\r\n\t\t\t\t\t\t\t\t<i class=\"fa fa-linkedin\"><\/i>\r\n\t\t\t\t\t\t\t<\/a>\r\n\t\t\t\t\t\t<\/li>\r\n\t\t\t\t\t\t\t\t\t<\/ul>\r\n\t\t\t<\/div>\r\n\t\t<\/div><!-- .sina-team -->\r\n\t\t\t\t\t\t<\/div>\n\t\t\t\t<\/div>\n\t\t\t\t\t<\/div>\n\t\t<\/div>\n\t\t\t\t<div class=\"elementor-column elementor-col-25 elementor-top-column elementor-element elementor-element-479831e5\" data-id=\"479831e5\" data-element_type=\"column\" data-settings=\"{&quot;background_background&quot;:&quot;classic&quot;}\">\n\t\t\t<div class=\"elementor-widget-wrap elementor-element-populated\">\n\t\t\t\t\t\t<div class=\"elementor-element elementor-element-1017f5a6 elementor-widget elementor-widget-sina_team\" data-id=\"1017f5a6\" data-element_type=\"widget\" data-widget_type=\"sina_team.default\">\n\t\t\t\t<div class=\"elementor-widget-container\">\n\t\t\t\t\t\t\t<div class=\"sina-team clearfix sina-team-box-move\">\r\n\t\t\t\t\t\t\t\t\t\t\t\t<img decoding=\"async\" class=\"\" src=\"https:\/\/hamefed.org\/wp-content\/uploads\/2025\/10\/WhatsApp-Image-2025-10-07-at-21.44.36.jpeg\" alt=\"S\u00fcmb\u00fcl Adal\u0131\">\r\n\t\t\t\t\t\t\t\r\n\t\t\t<div class=\"sina-team-content\">\r\n\t\t\t\t\t\t\t\t\t<h5 class=\"sina-team-name\">\r\n\t\t\t\t\t\tS\u00fcmb\u00fcl Adal\u0131\t\t\t\t\t<\/h5>\r\n\t\t\t\t\r\n\t\t\t\t\t\t\t\t\t<h6 class=\"sina-team-position\">\r\n\t\t\t\t\t\tKad\u0131n Kollar\u0131 Ba\u015fkan Yard\u0131mc\u0131s\u0131\t\t\t\t\t<\/h6>\r\n\t\t\t\t\r\n\t\t\t\t\t\t\t\t\t<div class=\"sina-team-desc\">\r\n\t\t\t\t\t\tKad\u0131nlar\u0131n g\u00fcc\u00fcn\u00fc, k\u0131z \u00e7ocuklar\u0131n\u0131n hayallerini ve Hatay\u2019\u0131n k\u00f6kl\u00fc de\u011ferlerini gelece\u011fe ta\u015f\u0131mak i\u00e7in g\u00f6n\u00fclden \u00e7al\u0131\u015f\u0131yoruz.\n\nKad\u0131n Kollar\u0131 Ba\u015fkan Yard\u0131mc\u0131s\u0131 olarak hedefim; kad\u0131nlar\u0131m\u0131z\u0131n sosyal, k\u00fclt\u00fcrel ve ekonomik hayata daha aktif kat\u0131l\u0131m\u0131n\u0131 sa\u011flamak, dayan\u0131\u015fma k\u00fclt\u00fcr\u00fcn\u00fc g\u00fc\u00e7lendirmek ve \u00e7ocuklar\u0131m\u0131za umut dolu bir gelecek b\u0131rakmakt\u0131r.\n\nHer bir kad\u0131n\u0131n sesi, her bir \u00e7ocu\u011fun g\u00fcl\u00fc\u015f\u00fc bizim i\u00e7in bir ilham kayna\u011f\u0131d\u0131r.\nKad\u0131nlar\u0131m\u0131zla el ele, k\u0131zlar\u0131m\u0131zla omuz omuza; Hatay\u2019\u0131n ayd\u0131nl\u0131k yar\u0131nlar\u0131 i\u00e7in \u00fcretmeye, payla\u015fmaya ve b\u00fcy\u00fcmeye devam ediyoruz. \n\nBirlikte g\u00fc\u00e7l\u00fc, Hatay\u2019la umut doluyuz. \ud83c\udf40\t\t\t\t\t<\/div>\r\n\t\t\t\t\r\n\t\t\t\t<ul class=\"sina-team-social\">\r\n\t\t\t\t\t\t\t\t\t\t\t<li class=\"elementor-repeater-item-d8524ab\">\r\n\t\t\t\t\t\t\t<a class=\"\" href=\"https:\/\/www.instagram.com\/smbladali\" target=\"_blank\" rel=\"noopener\">\r\n\t\t\t\t\t\t\t\t<i class=\"fa fa-instagram\"><\/i>\r\n\t\t\t\t\t\t\t<\/a>\r\n\t\t\t\t\t\t<\/li>\r\n\t\t\t\t\t\t\t\t\t<\/ul>\r\n\t\t\t<\/div>\r\n\t\t<\/div><!-- .sina-team -->\r\n\t\t\t\t\t\t<\/div>\n\t\t\t\t<\/div>\n\t\t\t\t\t<\/div>\n\t\t<\/div>\n\t\t\t\t<div class=\"elementor-column elementor-col-25 elementor-top-column elementor-element elementor-element-69555269\" data-id=\"69555269\" data-element_type=\"column\" data-settings=\"{&quot;background_background&quot;:&quot;classic&quot;}\">\n\t\t\t<div class=\"elementor-widget-wrap\">\n\t\t\t\t\t\t\t<\/div>\n\t\t<\/div>\n\t\t\t\t<div class=\"elementor-column elementor-col-25 elementor-top-column elementor-element elementor-element-40043853\" data-id=\"40043853\" data-element_type=\"column\" data-settings=\"{&quot;background_background&quot;:&quot;classic&quot;}\">\n\t\t\t<div class=\"elementor-widget-wrap\">\n\t\t\t\t\t\t\t<\/div>\n\t\t<\/div>\n\t\t\t\t\t<\/div>\n\t\t<\/section>\n\t\t\t\t<\/div>\n\t\t","protected":false},"excerpt":{"rendered":"<p>HAMEFED Hatay Medeniyetler Federasyonu Kad\u0131n Kollar\u0131 Seher Ok\u015far Kad\u0131rgan Kad\u0131n Kollar\u0131 Ba\u015fkan\u0131 Kad\u0131n Kollar\u0131 Ba\u015fkan\u0131 olarak, kad\u0131nlar\u0131m\u0131z\u0131n toplumsal hayata daha g\u00fc\u00e7l\u00fc bir \u015fekilde kat\u0131l\u0131m sa\u011flamas\u0131 i\u00e7in g\u00f6n\u00fcll\u00fc \u00e7al\u0131\u015fmalar y\u00fcr\u00fctmekte ve \u00e7e\u015fitli projelere \u00f6nc\u00fcl\u00fck etmektedir. Amac\u0131, dayan\u0131\u015fma ve i\u015f birli\u011fi i\u00e7erisinde kad\u0131nlar\u0131n sesi olmak ve onlar\u0131n \u00fcretkenli\u011fini desteklemektir. S\u00fcmb\u00fcl Adal\u0131 Kad\u0131n Kollar\u0131 Ba\u015fkan Yard\u0131mc\u0131s\u0131 Kad\u0131nlar\u0131n g\u00fcc\u00fcn\u00fc, [&hellip;]<\/p>\n","protected":false},"author":2,"featured_media":0,"parent":0,"menu_order":0,"comment_status":"closed","ping_status":"closed","template":"","meta":{"footnotes":""},"class_list":["post-468","page","type-page","status-publish","hentry"],"_links":{"self":[{"href":"https:\/\/hamefed.org\/index.php\/wp-json\/wp\/v2\/pages\/468","targetHints":{"allow":["GET"]}}],"collection":[{"href":"https:\/\/hamefed.org\/index.php\/wp-json\/wp\/v2\/pages"}],"about":[{"href":"https:\/\/hamefed.org\/index.php\/wp-json\/wp\/v2\/types\/page"}],"author":[{"embeddable":true,"href":"https:\/\/hamefed.org\/index.php\/wp-json\/wp\/v2\/users\/2"}],"replies":[{"embeddable":true,"href":"https:\/\/hamefed.org\/index.php\/wp-json\/wp\/v2\/comments?post=468"}],"version-history":[{"count":61,"href":"https:\/\/hamefed.org\/index.php\/wp-json\/wp\/v2\/pages\/468\/revisions"}],"predecessor-version":[{"id":2216,"href":"https:\/\/hamefed.org\/index.php\/wp-json\/wp\/v2\/pages\/468\/revisions\/2216"}],"wp:attachment":[{"href":"https:\/\/hamefed.org\/index.php\/wp-json\/wp\/v2\/media?parent=468"}],"curies":[{"name":"wp","href":"https:\/\/api.w.org\/{rel}","templated":true}]}}