{"id":459,"date":"2025-08-24T14:06:12","date_gmt":"2025-08-24T11:06:12","guid":{"rendered":"https:\/\/hamefed.org\/?page_id=459"},"modified":"2025-10-07T20:23:09","modified_gmt":"2025-10-07T17:23:09","slug":"bagis","status":"publish","type":"page","link":"https:\/\/hamefed.org\/index.php\/bagis\/","title":{"rendered":"Ba\u011f\u0131\u015f"},"content":{"rendered":"\t\t<div data-elementor-type=\"wp-page\" data-elementor-id=\"459\" class=\"elementor elementor-459\" data-elementor-post-type=\"page\">\n\t\t\t\t\t\t<section class=\"elementor-section elementor-top-section elementor-element elementor-element-2106f1ec elementor-section-height-min-height elementor-section-boxed elementor-section-height-default elementor-section-items-middle\" data-id=\"2106f1ec\" data-element_type=\"section\" data-settings=\"{&quot;background_background&quot;:&quot;classic&quot;,&quot;shape_divider_bottom&quot;:&quot;mountains&quot;}\">\n\t\t\t\t\t\t\t<div class=\"elementor-background-overlay\"><\/div>\n\t\t\t\t\t\t<div class=\"elementor-shape elementor-shape-bottom\" aria-hidden=\"true\" data-negative=\"false\">\n\t\t\t<svg xmlns=\"http:\/\/www.w3.org\/2000\/svg\" viewBox=\"0 0 1000 100\" preserveAspectRatio=\"none\">\n\t<path class=\"elementor-shape-fill\" opacity=\"0.33\" d=\"M473,67.3c-203.9,88.3-263.1-34-320.3,0C66,119.1,0,59.7,0,59.7V0h1000v59.7 c0,0-62.1,26.1-94.9,29.3c-32.8,3.3-62.8-12.3-75.8-22.1C806,49.6,745.3,8.7,694.9,4.7S492.4,59,473,67.3z\"\/>\n\t<path class=\"elementor-shape-fill\" opacity=\"0.66\" d=\"M734,67.3c-45.5,0-77.2-23.2-129.1-39.1c-28.6-8.7-150.3-10.1-254,39.1 s-91.7-34.4-149.2,0C115.7,118.3,0,39.8,0,39.8V0h1000v36.5c0,0-28.2-18.5-92.1-18.5C810.2,18.1,775.7,67.3,734,67.3z\"\/>\n\t<path class=\"elementor-shape-fill\" d=\"M766.1,28.9c-200-57.5-266,65.5-395.1,19.5C242,1.8,242,5.4,184.8,20.6C128,35.8,132.3,44.9,89.9,52.5C28.6,63.7,0,0,0,0 h1000c0,0-9.9,40.9-83.6,48.1S829.6,47,766.1,28.9z\"\/>\n<\/svg>\t\t<\/div>\n\t\t\t\t\t<div class=\"elementor-container elementor-column-gap-default\">\n\t\t\t\t\t<div class=\"elementor-column elementor-col-100 elementor-top-column elementor-element elementor-element-456a26e7\" data-id=\"456a26e7\" data-element_type=\"column\">\n\t\t\t<div class=\"elementor-widget-wrap elementor-element-populated\">\n\t\t\t\t\t\t<div class=\"elementor-element elementor-element-56a69cc6 elementor-widget__width-initial elementor-absolute elementor-widget elementor-widget-image\" data-id=\"56a69cc6\" data-element_type=\"widget\" data-settings=\"{&quot;_position&quot;:&quot;absolute&quot;}\" data-widget_type=\"image.default\">\n\t\t\t\t<div class=\"elementor-widget-container\">\n\t\t\t\t\t\t\t\t\t\t\t\t\t\t\t<img fetchpriority=\"high\" decoding=\"async\" width=\"293\" height=\"325\" src=\"https:\/\/hamefed.org\/wp-content\/uploads\/2025\/08\/imgi_33_spade-1.png\" class=\"attachment-large size-large wp-image-598\" alt=\"\" \/>\t\t\t\t\t\t\t\t\t\t\t\t\t\t\t<\/div>\n\t\t\t\t<\/div>\n\t\t\t\t<div class=\"elementor-element elementor-element-c271cfe elementor-widget__width-inherit elementor-widget elementor-widget-heading\" data-id=\"c271cfe\" data-element_type=\"widget\" data-widget_type=\"heading.default\">\n\t\t\t\t<div class=\"elementor-widget-container\">\n\t\t\t\t\t<h2 class=\"elementor-heading-title elementor-size-default\">HAMEFED<\/h2>\t\t\t\t<\/div>\n\t\t\t\t<\/div>\n\t\t\t\t<div class=\"elementor-element elementor-element-6505bdf2 elementor-widget elementor-widget-heading\" data-id=\"6505bdf2\" data-element_type=\"widget\" data-widget_type=\"heading.default\">\n\t\t\t\t<div class=\"elementor-widget-container\">\n\t\t\t\t\t<h2 class=\"elementor-heading-title elementor-size-default\">B\u0130RL\u0130KTEN KUVVET DO\u011eAR, GELECE\u011eE <br>UMUT OLUR<\/h2>\t\t\t\t<\/div>\n\t\t\t\t<\/div>\n\t\t\t\t\t<\/div>\n\t\t<\/div>\n\t\t\t\t\t<\/div>\n\t\t<\/section>\n\t\t\t\t<section class=\"elementor-section elementor-top-section elementor-element elementor-element-2a14c34 elementor-section-boxed elementor-section-height-default elementor-section-height-default\" data-id=\"2a14c34\" data-element_type=\"section\">\n\t\t\t\t\t\t<div class=\"elementor-container elementor-column-gap-default\">\n\t\t\t\t\t<div class=\"elementor-column elementor-col-100 elementor-top-column elementor-element elementor-element-a433269\" data-id=\"a433269\" data-element_type=\"column\">\n\t\t\t<div class=\"elementor-widget-wrap elementor-element-populated\">\n\t\t\t\t\t\t<div class=\"elementor-element elementor-element-f51244c elementor-widget elementor-widget-heading\" data-id=\"f51244c\" data-element_type=\"widget\" data-widget_type=\"heading.default\">\n\t\t\t\t<div class=\"elementor-widget-container\">\n\t\t\t\t\t<h2 class=\"elementor-heading-title elementor-size-default\">VAKIFBANK<\/h2>\t\t\t\t<\/div>\n\t\t\t\t<\/div>\n\t\t\t\t<div class=\"elementor-element elementor-element-d93f17f elementor-widget elementor-widget-text-editor\" data-id=\"d93f17f\" data-element_type=\"widget\" data-widget_type=\"text-editor.default\">\n\t\t\t\t<div class=\"elementor-widget-container\">\n\t\t\t\t\t\t\t\t\t<p>Hatay Medeniyetleri Federasyonu olarak, e\u011fitimden k\u00fclt\u00fcre, dayan\u0131\u015fmadan yard\u0131mla\u015fmaya uzanan t\u00fcm \u00e7al\u0131\u015fmalar\u0131m\u0131zda toplumsal fayday\u0131 b\u00fcy\u00fctmek i\u00e7in var\u0131z.<\/p>\n<p>Her destek, bir \u00e7ocu\u011fun e\u011fitimine; her katk\u0131, bir k\u00fclt\u00fcr\u00fcn ya\u015fat\u0131lmas\u0131na; her ba\u011f\u0131\u015f, Hatay\u2019\u0131n \u0131\u015f\u0131\u011f\u0131n\u0131n yeniden yanmas\u0131na vesiledir.<\/p>\t\t\t\t\t\t\t\t<\/div>\n\t\t\t\t<\/div>\n\t\t\t\t<div class=\"elementor-element elementor-element-84e314f elementor-widget elementor-widget-heading\" data-id=\"84e314f\" data-element_type=\"widget\" data-widget_type=\"heading.default\">\n\t\t\t\t<div class=\"elementor-widget-container\">\n\t\t\t\t\t<h2 class=\"elementor-heading-title elementor-size-default\"><span style=\"font-weight:400\">TL Hesab\u0131m\u0131z;<\/span> TR95 0001 5001 5800 7363 3698 88<\/h2>\t\t\t\t<\/div>\n\t\t\t\t<\/div>\n\t\t\t\t<div class=\"elementor-element elementor-element-e8a7bc5 elementor-widget elementor-widget-html\" data-id=\"e8a7bc5\" data-element_type=\"widget\" data-widget_type=\"html.default\">\n\t\t\t\t<div class=\"elementor-widget-container\">\n\t\t\t\t\t<div style=\"text-align:center;\">\n  <button id=\"ibanCopyBtnTl\" class=\"iban-btn\">\n    TL IBAN'\u0131 Kopyala\n  <\/button>\n  <span id=\"ibanMsgTl\" class=\"iban-msg\">\u2714 Kopyaland\u0131!<\/span>\n<\/div>\n\n<style>\n.iban-btn {\n  background:#007a63;\n  color:#fff;\n  font-weight:600;\n  padding:12px 28px;\n  border:none;\n  border-radius:50px;\n  cursor:pointer;\n  box-shadow:0 4px 12px rgba(0,0,0,.2);\n  transition:all .25s ease;\n}\n.iban-btn:hover {\n  background:#f5b700;\n  color:#007a63;\n}\n.iban-msg {\n  display:none;\n  margin-left:12px;\n  color:#007a63;\n  font-weight:700;\n}\n<\/style>\n\n<script>\ndocument.getElementById('ibanCopyBtnTl').addEventListener('click', function() {\n  navigator.clipboard.writeText('TR950001500158007353098888').then(() => {\n    const msg = document.getElementById('ibanMsgTl');\n    msg.style.display = 'inline';\n    setTimeout(() => msg.style.display = 'none', 3000);\n  });\n});\n<\/script>\n\t\t\t\t<\/div>\n\t\t\t\t<\/div>\n\t\t\t\t\t<\/div>\n\t\t<\/div>\n\t\t\t\t\t<\/div>\n\t\t<\/section>\n\t\t\t\t<section class=\"elementor-section elementor-top-section elementor-element elementor-element-be0ebb1 elementor-section-boxed elementor-section-height-default elementor-section-height-default\" data-id=\"be0ebb1\" data-element_type=\"section\">\n\t\t\t\t\t\t<div class=\"elementor-container elementor-column-gap-default\">\n\t\t\t\t\t<div class=\"elementor-column elementor-col-100 elementor-top-column elementor-element elementor-element-795beab\" data-id=\"795beab\" data-element_type=\"column\">\n\t\t\t<div class=\"elementor-widget-wrap elementor-element-populated\">\n\t\t\t\t\t\t<div class=\"elementor-element elementor-element-adafb61 elementor-widget elementor-widget-heading\" data-id=\"adafb61\" data-element_type=\"widget\" data-widget_type=\"heading.default\">\n\t\t\t\t<div class=\"elementor-widget-container\">\n\t\t\t\t\t<h2 class=\"elementor-heading-title elementor-size-default\"><span style=\"font-weight:400\">Dolar Hesab\u0131m\u0131z;<\/span> TR31 0001 5001 5804 8025 5262 12<\/h2>\t\t\t\t<\/div>\n\t\t\t\t<\/div>\n\t\t\t\t<div class=\"elementor-element elementor-element-6c20f70 elementor-widget elementor-widget-html\" data-id=\"6c20f70\" data-element_type=\"widget\" data-widget_type=\"html.default\">\n\t\t\t\t<div class=\"elementor-widget-container\">\n\t\t\t\t\t<div style=\"text-align:center;\">\n  <button id=\"ibanCopyBtnUsd\" class=\"iban-btn\">\n    USD IBAN'\u0131 Kopyala\n  <\/button>\n  <span id=\"ibanMsgUsd\" class=\"iban-msg\">\u2714 Kopyaland\u0131!<\/span>\n<\/div>\n\n<style>\n.iban-btn {\n  background:#007a63;\n  color:#fff;\n  font-weight:600;\n  padding:12px 28px;\n  border:none;\n  border-radius:50px;\n  cursor:pointer;\n  box-shadow:0 4px 12px rgba(0,0,0,.2);\n  transition:all .25s ease;\n}\n.iban-btn:hover {\n  background:#f5b700;\n  color:#007a63;\n}\n.iban-msg {\n  display:none;\n  margin-left:12px;\n  color:#007a63;\n  font-weight:700;\n}\n<\/style>\n\n<script>\ndocument.getElementById('ibanCopyBtnUsd').addEventListener('click', function() {\n  navigator.clipboard.writeText('TR310001500158048025526212').then(() => {\n    const msg = document.getElementById('ibanMsgUsd');\n    msg.style.display = 'inline';\n    setTimeout(() => msg.style.display = 'none', 3000);\n  });\n});\n<\/script>\n\t\t\t\t<\/div>\n\t\t\t\t<\/div>\n\t\t\t\t\t<\/div>\n\t\t<\/div>\n\t\t\t\t\t<\/div>\n\t\t<\/section>\n\t\t\t\t<section class=\"elementor-section elementor-top-section elementor-element elementor-element-f898071 elementor-section-boxed elementor-section-height-default elementor-section-height-default\" data-id=\"f898071\" data-element_type=\"section\">\n\t\t\t\t\t\t<div class=\"elementor-container elementor-column-gap-default\">\n\t\t\t\t\t<div class=\"elementor-column elementor-col-100 elementor-top-column elementor-element elementor-element-849c7cc\" data-id=\"849c7cc\" data-element_type=\"column\">\n\t\t\t<div class=\"elementor-widget-wrap elementor-element-populated\">\n\t\t\t\t\t\t<div class=\"elementor-element elementor-element-0df34ae elementor-widget elementor-widget-heading\" data-id=\"0df34ae\" data-element_type=\"widget\" data-widget_type=\"heading.default\">\n\t\t\t\t<div class=\"elementor-widget-container\">\n\t\t\t\t\t<h2 class=\"elementor-heading-title elementor-size-default\"><span style=\"font-weight:400\">Euro Hesab\u0131m\u0131z;<\/span> TR80 0001 5001 5804 8025 5262 03<\/h2>\t\t\t\t<\/div>\n\t\t\t\t<\/div>\n\t\t\t\t<div class=\"elementor-element elementor-element-144e7b6 elementor-widget elementor-widget-html\" data-id=\"144e7b6\" data-element_type=\"widget\" data-widget_type=\"html.default\">\n\t\t\t\t<div class=\"elementor-widget-container\">\n\t\t\t\t\t<div style=\"text-align:center;\">\n  <button id=\"ibanCopyBtnEur\" class=\"iban-btn\">\n    EUR IBAN'\u0131 Kopyala\n  <\/button>\n  <span id=\"ibanMsgEur\" class=\"iban-msg\">\u2714 Kopyaland\u0131!<\/span>\n<\/div>\n\n<style>\n.iban-btn {\n  background:#007a63;\n  color:#fff;\n  font-weight:600;\n  padding:12px 28px;\n  border:none;\n  border-radius:50px;\n  cursor:pointer;\n  box-shadow:0 4px 12px rgba(0,0,0,.2);\n  transition:all .25s ease;\n}\n.iban-btn:hover {\n  background:#f5b700;\n  color:#007a63;\n}\n.iban-msg {\n  display:none;\n  margin-left:12px;\n  color:#007a63;\n  font-weight:700;\n}\n<\/style>\n\n<script>\ndocument.getElementById('ibanCopyBtnEur').addEventListener('click', function() {\n  navigator.clipboard.writeText('TR800001500158040255260203').then(() => {\n    const msg = document.getElementById('ibanMsgEur');\n    msg.style.display = 'inline';\n    setTimeout(() => msg.style.display = 'none', 3000);\n  });\n});\n<\/script>\n\t\t\t\t<\/div>\n\t\t\t\t<\/div>\n\t\t\t\t\t<\/div>\n\t\t<\/div>\n\t\t\t\t\t<\/div>\n\t\t<\/section>\n\t\t\t\t<\/div>\n\t\t","protected":false},"excerpt":{"rendered":"<p>HAMEFED B\u0130RL\u0130KTEN KUVVET DO\u011eAR, GELECE\u011eE UMUT OLUR VAKIFBANK Hatay Medeniyetleri Federasyonu olarak, e\u011fitimden k\u00fclt\u00fcre, dayan\u0131\u015fmadan yard\u0131mla\u015fmaya uzanan t\u00fcm \u00e7al\u0131\u015fmalar\u0131m\u0131zda toplumsal fayday\u0131 b\u00fcy\u00fctmek i\u00e7in var\u0131z. Her destek, bir \u00e7ocu\u011fun e\u011fitimine; her katk\u0131, bir k\u00fclt\u00fcr\u00fcn ya\u015fat\u0131lmas\u0131na; her ba\u011f\u0131\u015f, Hatay\u2019\u0131n \u0131\u015f\u0131\u011f\u0131n\u0131n yeniden yanmas\u0131na vesiledir. TL Hesab\u0131m\u0131z; TR95 0001 5001 5800 7363 3698 88 TL IBAN&#8217;\u0131 Kopyala \u2714 Kopyaland\u0131! [&hellip;]<\/p>\n","protected":false},"author":2,"featured_media":0,"parent":0,"menu_order":0,"comment_status":"closed","ping_status":"closed","template":"","meta":{"footnotes":""},"class_list":["post-459","page","type-page","status-publish","hentry"],"_links":{"self":[{"href":"https:\/\/hamefed.org\/index.php\/wp-json\/wp\/v2\/pages\/459","targetHints":{"allow":["GET"]}}],"collection":[{"href":"https:\/\/hamefed.org\/index.php\/wp-json\/wp\/v2\/pages"}],"about":[{"href":"https:\/\/hamefed.org\/index.php\/wp-json\/wp\/v2\/types\/page"}],"author":[{"embeddable":true,"href":"https:\/\/hamefed.org\/index.php\/wp-json\/wp\/v2\/users\/2"}],"replies":[{"embeddable":true,"href":"https:\/\/hamefed.org\/index.php\/wp-json\/wp\/v2\/comments?post=459"}],"version-history":[{"count":79,"href":"https:\/\/hamefed.org\/index.php\/wp-json\/wp\/v2\/pages\/459\/revisions"}],"predecessor-version":[{"id":2127,"href":"https:\/\/hamefed.org\/index.php\/wp-json\/wp\/v2\/pages\/459\/revisions\/2127"}],"wp:attachment":[{"href":"https:\/\/hamefed.org\/index.php\/wp-json\/wp\/v2\/media?parent=459"}],"curies":[{"name":"wp","href":"https:\/\/api.w.org\/{rel}","templated":true}]}}