{"id":1081,"date":"2025-08-31T15:44:23","date_gmt":"2025-08-31T12:44:23","guid":{"rendered":"https:\/\/hamefed.org\/?page_id=1081"},"modified":"2025-10-04T16:29:38","modified_gmt":"2025-10-04T13:29:38","slug":"hatayimiz","status":"publish","type":"page","link":"https:\/\/hamefed.org\/index.php\/hatayimiz\/","title":{"rendered":"HATAYIMIZ"},"content":{"rendered":"\t\t<div data-elementor-type=\"wp-page\" data-elementor-id=\"1081\" class=\"elementor elementor-1081\" data-elementor-post-type=\"page\">\n\t\t\t\t\t\t<section class=\"elementor-section elementor-top-section elementor-element elementor-element-40a467ec elementor-section-height-min-height elementor-section-boxed elementor-section-height-default elementor-section-items-middle\" data-id=\"40a467ec\" data-element_type=\"section\" data-settings=\"{&quot;background_background&quot;:&quot;classic&quot;,&quot;shape_divider_bottom&quot;:&quot;mountains&quot;}\">\n\t\t\t\t\t\t\t<div class=\"elementor-background-overlay\"><\/div>\n\t\t\t\t\t\t<div class=\"elementor-shape elementor-shape-bottom\" aria-hidden=\"true\" data-negative=\"false\">\n\t\t\t<svg xmlns=\"http:\/\/www.w3.org\/2000\/svg\" viewBox=\"0 0 1000 100\" preserveAspectRatio=\"none\">\n\t<path class=\"elementor-shape-fill\" opacity=\"0.33\" d=\"M473,67.3c-203.9,88.3-263.1-34-320.3,0C66,119.1,0,59.7,0,59.7V0h1000v59.7 c0,0-62.1,26.1-94.9,29.3c-32.8,3.3-62.8-12.3-75.8-22.1C806,49.6,745.3,8.7,694.9,4.7S492.4,59,473,67.3z\"\/>\n\t<path class=\"elementor-shape-fill\" opacity=\"0.66\" d=\"M734,67.3c-45.5,0-77.2-23.2-129.1-39.1c-28.6-8.7-150.3-10.1-254,39.1 s-91.7-34.4-149.2,0C115.7,118.3,0,39.8,0,39.8V0h1000v36.5c0,0-28.2-18.5-92.1-18.5C810.2,18.1,775.7,67.3,734,67.3z\"\/>\n\t<path class=\"elementor-shape-fill\" d=\"M766.1,28.9c-200-57.5-266,65.5-395.1,19.5C242,1.8,242,5.4,184.8,20.6C128,35.8,132.3,44.9,89.9,52.5C28.6,63.7,0,0,0,0 h1000c0,0-9.9,40.9-83.6,48.1S829.6,47,766.1,28.9z\"\/>\n<\/svg>\t\t<\/div>\n\t\t\t\t\t<div class=\"elementor-container elementor-column-gap-default\">\n\t\t\t\t\t<div class=\"elementor-column elementor-col-100 elementor-top-column elementor-element elementor-element-738ea35d\" data-id=\"738ea35d\" data-element_type=\"column\">\n\t\t\t<div class=\"elementor-widget-wrap elementor-element-populated\">\n\t\t\t\t\t\t<div class=\"elementor-element elementor-element-262527af elementor-widget__width-initial elementor-absolute elementor-widget elementor-widget-image\" data-id=\"262527af\" data-element_type=\"widget\" data-settings=\"{&quot;_position&quot;:&quot;absolute&quot;}\" data-widget_type=\"image.default\">\n\t\t\t\t<div class=\"elementor-widget-container\">\n\t\t\t\t\t\t\t\t\t\t\t\t\t\t\t<img fetchpriority=\"high\" decoding=\"async\" width=\"293\" height=\"325\" src=\"https:\/\/hamefed.org\/wp-content\/uploads\/2025\/08\/imgi_33_spade-1.png\" class=\"attachment-large size-large wp-image-598\" alt=\"\" \/>\t\t\t\t\t\t\t\t\t\t\t\t\t\t\t<\/div>\n\t\t\t\t<\/div>\n\t\t\t\t<div class=\"elementor-element elementor-element-2ab3a643 elementor-widget__width-inherit elementor-widget elementor-widget-heading\" data-id=\"2ab3a643\" data-element_type=\"widget\" data-widget_type=\"heading.default\">\n\t\t\t\t<div class=\"elementor-widget-container\">\n\t\t\t\t\t<h1 class=\"elementor-heading-title elementor-size-default\">HAMEFED<\/h1>\t\t\t\t<\/div>\n\t\t\t\t<\/div>\n\t\t\t\t<div class=\"elementor-element elementor-element-1a2a09ad elementor-widget elementor-widget-heading\" data-id=\"1a2a09ad\" data-element_type=\"widget\" data-widget_type=\"heading.default\">\n\t\t\t\t<div class=\"elementor-widget-container\">\n\t\t\t\t\t<h2 class=\"elementor-heading-title elementor-size-default\">HATAY MEDEN\u0130YETLER FEDERASYONU<\/h2>\t\t\t\t<\/div>\n\t\t\t\t<\/div>\n\t\t\t\t\t<\/div>\n\t\t<\/div>\n\t\t\t\t\t<\/div>\n\t\t<\/section>\n\t\t\t\t<section class=\"elementor-section elementor-top-section elementor-element elementor-element-2232d20 elementor-section-boxed elementor-section-height-default elementor-section-height-default\" data-id=\"2232d20\" data-element_type=\"section\">\n\t\t\t\t\t\t<div class=\"elementor-container elementor-column-gap-default\">\n\t\t\t\t\t<div class=\"elementor-column elementor-col-100 elementor-top-column elementor-element elementor-element-33120b6\" data-id=\"33120b6\" data-element_type=\"column\">\n\t\t\t<div class=\"elementor-widget-wrap elementor-element-populated\">\n\t\t\t\t\t\t<div class=\"elementor-element elementor-element-affa26a elementor--h-position-center elementor--v-position-middle elementor-arrows-position-inside elementor-pagination-position-inside elementor-widget elementor-widget-slides\" data-id=\"affa26a\" data-element_type=\"widget\" data-settings=\"{&quot;navigation&quot;:&quot;both&quot;,&quot;autoplay&quot;:&quot;yes&quot;,&quot;pause_on_hover&quot;:&quot;yes&quot;,&quot;pause_on_interaction&quot;:&quot;yes&quot;,&quot;autoplay_speed&quot;:5000,&quot;infinite&quot;:&quot;yes&quot;,&quot;transition&quot;:&quot;slide&quot;,&quot;transition_speed&quot;:500}\" data-widget_type=\"slides.default\">\n\t\t\t\t<div class=\"elementor-widget-container\">\n\t\t\t\t\t\t\t\t\t<div class=\"elementor-swiper\">\n\t\t\t\t\t<div class=\"elementor-slides-wrapper elementor-main-swiper swiper\" role=\"region\" aria-roledescription=\"carousel\" aria-label=\"Slides\" dir=\"ltr\" data-animation=\"fadeInUp\">\n\t\t\t\t<div class=\"swiper-wrapper elementor-slides\">\n\t\t\t\t\t\t\t\t\t\t<div class=\"elementor-repeater-item-885ecf0 swiper-slide\" role=\"group\" aria-roledescription=\"slide\"><div class=\"swiper-slide-bg\" role=\"img\"><\/div><div class=\"swiper-slide-inner\" ><div class=\"swiper-slide-contents\"><div class=\"elementor-slide-heading\">ANTAKYA PARKI<\/div><\/div><\/div><\/div><div class=\"elementor-repeater-item-e8c4c79 swiper-slide\" role=\"group\" aria-roledescription=\"slide\"><div class=\"swiper-slide-bg\" role=\"img\"><\/div><div class=\"elementor-background-overlay\"><\/div><div class=\"swiper-slide-inner\" ><div class=\"swiper-slide-contents\"><div class=\"elementor-slide-heading\">ANTAKYA KATOL\u0130K K\u0130L\u0130SES\u0130<\/div><\/div><\/div><\/div><div class=\"elementor-repeater-item-847cabc swiper-slide\" role=\"group\" aria-roledescription=\"slide\"><div class=\"swiper-slide-bg\" role=\"img\"><\/div><div class=\"swiper-slide-inner\" ><div class=\"swiper-slide-contents\"><div class=\"elementor-slide-heading\">ANTAKYA PROTESTAN K\u0130L\u0130SES\u0130<\/div><\/div><\/div><\/div><div class=\"elementor-repeater-item-fe3dfe0 swiper-slide\" role=\"group\" aria-roledescription=\"slide\"><div class=\"swiper-slide-bg\" role=\"img\"><\/div><div class=\"swiper-slide-inner\" ><div class=\"swiper-slide-contents\"><div class=\"elementor-slide-heading\">BAKRAS KALES\u0130<\/div><\/div><\/div><\/div><div class=\"elementor-repeater-item-af377f8 swiper-slide\" role=\"group\" aria-roledescription=\"slide\"><div class=\"swiper-slide-bg\" role=\"img\"><\/div><div class=\"swiper-slide-inner\" ><div class=\"swiper-slide-contents\"><div class=\"elementor-slide-heading\">ERZ\u0130N BA\u015eLAMI\u015e KAPLICALARI<\/div><\/div><\/div><\/div><div class=\"elementor-repeater-item-872d1e5 swiper-slide\" role=\"group\" aria-roledescription=\"slide\"><div class=\"swiper-slide-bg\" role=\"img\"><\/div><div class=\"swiper-slide-inner\" ><div class=\"swiper-slide-contents\"><div class=\"elementor-slide-heading\">ESK\u0130 ANTAKYA EVLER\u0130<\/div><\/div><\/div><\/div><div class=\"elementor-repeater-item-f7b1183 swiper-slide\" role=\"group\" aria-roledescription=\"slide\"><div class=\"swiper-slide-bg\" role=\"img\"><\/div><div class=\"elementor-background-overlay\"><\/div><div class=\"swiper-slide-inner\" ><div class=\"swiper-slide-contents\"><div class=\"elementor-slide-heading\">HAB\u0130B\u0130 NECCAR CAM\u0130\u0130<\/div><\/div><\/div><\/div>\t\t\t\t<\/div>\n\t\t\t\t\t\t\t\t\t\t\t\t\t\t\t<div class=\"elementor-swiper-button elementor-swiper-button-prev\" role=\"button\" tabindex=\"0\" aria-label=\"Previous slide\">\n\t\t\t\t\t\t\t<i aria-hidden=\"true\" class=\"eicon-chevron-left\"><\/i>\t\t\t\t\t\t<\/div>\n\t\t\t\t\t\t<div class=\"elementor-swiper-button elementor-swiper-button-next\" role=\"button\" tabindex=\"0\" aria-label=\"Next slide\">\n\t\t\t\t\t\t\t<i aria-hidden=\"true\" class=\"eicon-chevron-right\"><\/i>\t\t\t\t\t\t<\/div>\n\t\t\t\t\t\t\t\t\t\t\t\t\t\t\t\t<div class=\"swiper-pagination\"><\/div>\n\t\t\t\t\t\t\t\t\t\t\t\t<\/div>\n\t\t\t\t<\/div>\n\t\t\t\t\t\t\t\t<\/div>\n\t\t\t\t<\/div>\n\t\t\t\t\t<\/div>\n\t\t<\/div>\n\t\t\t\t\t<\/div>\n\t\t<\/section>\n\t\t\t\t<section class=\"elementor-section elementor-top-section elementor-element elementor-element-7d96013f elementor-section-boxed elementor-section-height-default elementor-section-height-default\" data-id=\"7d96013f\" data-element_type=\"section\">\n\t\t\t\t\t\t<div class=\"elementor-container elementor-column-gap-default\">\n\t\t\t\t\t<div class=\"elementor-column elementor-col-100 elementor-top-column elementor-element elementor-element-4eeacd95\" data-id=\"4eeacd95\" data-element_type=\"column\" data-settings=\"{&quot;background_background&quot;:&quot;classic&quot;}\">\n\t\t\t<div class=\"elementor-widget-wrap elementor-element-populated\">\n\t\t\t\t\t\t<div class=\"elementor-element elementor-element-76dc1acb elementor-widget elementor-widget-heading\" data-id=\"76dc1acb\" data-element_type=\"widget\" data-widget_type=\"heading.default\">\n\t\t\t\t<div class=\"elementor-widget-container\">\n\t\t\t\t\t<h2 class=\"elementor-heading-title elementor-size-default\">HATAYIMIZ<\/h2>\t\t\t\t<\/div>\n\t\t\t\t<\/div>\n\t\t\t\t<div class=\"elementor-element elementor-element-645eba51 elementor-widget elementor-widget-text-editor\" data-id=\"645eba51\" data-element_type=\"widget\" data-widget_type=\"text-editor.default\">\n\t\t\t\t<div class=\"elementor-widget-container\">\n\t\t\t\t\t\t\t\t\t<p data-start=\"222\" data-end=\"407\">Hatay, binlerce y\u0131ll\u0131k ge\u00e7mi\u015fiyle bir\u00e7ok uygarl\u0131\u011fa ev sahipli\u011fi yapm\u0131\u015f bir \u015fehirdir. Arkeolojik bulgular, b\u00f6lgenin tarih \u00f6ncesi d\u00f6nemlerden itibaren yerle\u015fim g\u00f6rd\u00fc\u011f\u00fcn\u00fc g\u00f6stermektedir.<\/p><p data-start=\"409\" data-end=\"740\">Antakya, M.\u00d6. 300 y\u0131l\u0131nda B\u00fcy\u00fck \u0130skender\u2019in komutan\u0131 Seleukos Nikator taraf\u0131ndan kurulmu\u015f ve k\u0131sa s\u00fcrede Roma \u0130mparatorlu\u011fu\u2019nun en \u00f6nemli \u015fehirlerinden biri haline gelmi\u015ftir. Hristiyanl\u0131k tarihinde \u00f6zel bir yere sahip olan Antakya, St. Pierre Kilisesi ile \u201cilk Hristiyan cemaatlerinden biri\u201dnin merkezi olarak kabul edilmektedir.<\/p><ol start=\"7\" data-start=\"742\" data-end=\"1010\"><li data-start=\"742\" data-end=\"1010\"><p data-start=\"745\" data-end=\"1010\">y\u00fczy\u0131ldan itibaren \u0130slam ordular\u0131n\u0131n h\u00e2kimiyetine giren b\u00f6lge, Emeviler, Abbasiler, Sel\u00e7uklular ve Meml\u00fckler d\u00f6nemlerinde \u00f6nemli bir k\u00fclt\u00fcr ve ticaret merkezi olmu\u015ftur. 1516 y\u0131l\u0131nda Yavuz Sultan Selim\u2019in Mercidab\u0131k Zaferi sonras\u0131 Osmanl\u0131 topraklar\u0131na kat\u0131lm\u0131\u015ft\u0131r.<\/p><\/li><\/ol><p data-start=\"1012\" data-end=\"1205\">I. D\u00fcnya Sava\u015f\u0131 sonras\u0131nda Frans\u0131z mandas\u0131 alt\u0131na giren Hatay, 1938\u2019de ba\u011f\u0131ms\u0131z <strong data-start=\"1092\" data-end=\"1109\">Hatay Devleti<\/strong> olarak kurulmu\u015f, 29 Haziran 1939\u2019da ise halk oylamas\u0131 ile T\u00fcrkiye Cumhuriyeti\u2019ne kat\u0131lm\u0131\u015ft\u0131r.<\/p><p data-start=\"1207\" data-end=\"1433\">Bug\u00fcn Hatay, farkl\u0131 din ve k\u00fclt\u00fcrlerin bir arada ya\u015fad\u0131\u011f\u0131, bar\u0131\u015f ve ho\u015fg\u00f6r\u00fcn\u00fcn simgesi olan bir \u015fehirdir. Zengin mutfa\u011f\u0131, tarih\u00ee yap\u0131lar\u0131, do\u011fal g\u00fczellikleri ve \u00e7ok k\u00fclt\u00fcrl\u00fc yap\u0131s\u0131yla \u00fclkemizin en \u00f6zel \u015fehirlerinden biridir.<\/p><p data-start=\"1207\" data-end=\"1433\">\u00a0<\/p><p>Federasyonumuz, Hatay\u2019daki dernekleri bir araya getirerek, hem Hatay k\u00fclt\u00fcr\u00fcn\u00fc ya\u015fatmay\u0131 hem de hem\u015fehrilerimiz aras\u0131nda dayan\u0131\u015fma ve yard\u0131mla\u015fmay\u0131 g\u00fc\u00e7lendirmeyi ama\u00e7lamaktad\u0131r.<\/p><p>\u00a0<\/p><h5><strong>HATAY&#8217;IN \u0130L\u00c7ELER\u0130 VE \u00d6NE \u00c7IKAN \u00d6ZELL\u0130KLER\u0130<\/strong><\/h5><div><strong>\u00a0<\/strong><\/div><p><strong>1.<\/strong> <strong>Antakya:<\/strong>\u00a0Hatay\u2019\u0131n merkez il\u00e7esi olup tarih\u00ee Antakya \u015fehrini i\u00e7erir. Antakya Mozaik M\u00fczesi ve tarihi \u00e7ar\u015f\u0131lar\u0131 ile bilinir.<\/p><p><strong>2. Defne:<\/strong> Do\u011fal g\u00fczellikleri ve yaylalar\u0131 ile \u00fcnl\u00fcd\u00fcr. Ayr\u0131ca k\u00fclt\u00fcrel etkinlikler a\u00e7\u0131s\u0131ndan hareketli bir il\u00e7edir.<\/p><p><strong>3. Samanda\u011f:<\/strong> Sahil il\u00e7esi olup, Arsuz ile birlikte Hatay\u2019\u0131n turistik b\u00f6lgelerindendir. Tarihi Titus T\u00fcneli burada yer al\u0131r.<\/p><p><strong>4. Arsuz:<\/strong> Plajlar\u0131 ve yazl\u0131k b\u00f6lgeleri ile tan\u0131n\u0131r, deniz turizmi a\u00e7\u0131s\u0131ndan \u00f6nemli bir il\u00e7edir.<\/p><p><strong>5. Payas:<\/strong> Sanayi ve tarih\u00ee miras\u0131 ile bilinir; Osmanl\u0131 d\u00f6neminden kalma Payas Kalesi il\u00e7enin simgesidir.<\/p><p><strong>6. \u0130skenderun:<\/strong> Liman kenti olarak ekonomik a\u00e7\u0131dan stratejik bir \u00f6neme sahiptir. Sanayi ve ticaret faaliyetleri yo\u011fun olarak y\u00fcr\u00fct\u00fcl\u00fcr.<\/p><p><strong>7. D\u00f6rtyol:<\/strong> Akdeniz sahilinde yer alan il\u00e7edir; tar\u0131m ve sanayi ekonomisinde \u00f6nemli rol oynar.<\/p><p><strong>8. Reyhanl\u0131:<\/strong> S\u0131n\u0131r il\u00e7esi olarak hem k\u00fclt\u00fcrel hem de ekonomik a\u00e7\u0131dan hareketlidir. Tarihi k\u00f6yleri ve yerel el sanatlar\u0131 ile tan\u0131n\u0131r.<\/p><p><strong>9. Hassa:<\/strong> Do\u011fal g\u00fczellikleri ve tar\u0131m alanlar\u0131 ile \u00f6ne \u00e7\u0131kar. Yayla ve do\u011fa turizmi a\u00e7\u0131s\u0131ndan potansiyel ta\u015f\u0131r.<\/p><p><strong>10. K\u0131r\u0131khan:<\/strong> Tar\u0131m ve hayvanc\u0131l\u0131kla bilinir, k\u00fclt\u00fcrel etkinlikler a\u00e7\u0131s\u0131ndan canl\u0131 bir il\u00e7edir.<\/p><p><strong>11. Kumlu:<\/strong> K\u00fc\u00e7\u00fck bir il\u00e7e olmas\u0131na ra\u011fmen geleneksel k\u00fclt\u00fcr\u00fcn\u00fc koruyan b\u00f6lgelerden biridir.<\/p><p><strong>12. Alt\u0131n\u00f6z\u00fc:<\/strong> Zeytin ve narenciye \u00fcretimi ile \u00fcnl\u00fcd\u00fcr. Tar\u0131m ekonomisi il\u00e7enin temel ge\u00e7im kayna\u011f\u0131d\u0131r.<\/p><p><strong>13. Yaylada\u011f\u0131:<\/strong> Da\u011fl\u0131k ve do\u011fal g\u00fczellikleri ile bilinir. Turizm ve yayla etkinlikleri ile \u00f6n plana \u00e7\u0131kar.<\/p><p><strong>14. Belen:<\/strong> Do\u011fal g\u00fczellikleri, yaylalar\u0131 ve tarih\u00ee kaleleri ile tan\u0131n\u0131r.<\/p><p><strong>15. Erzin:<\/strong> Sahil il\u00e7esi olup tar\u0131m ve turizm a\u00e7\u0131s\u0131ndan \u00f6nemli bir konuma sahiptir.<\/p><p>\u00a0<\/p><h5><b>FEDERASYONUMUZDAK\u0130 KURUCU DERNEKLER<\/b><\/h5><div><b>\u00a0<\/b><\/div><p>Federasyonumuz \u00e7at\u0131s\u0131 alt\u0131nda faaliyet g\u00f6steren ba\u015fl\u0131ca dernekler \u015funlard\u0131r:<\/p><p><strong>1. Antakya K\u00fclt\u00fcr\u00fcn\u00fc Tan\u0131tma ve Ya\u015fatma Derne\u011fi:<\/strong>\u00a0Ba\u015fkan Ahmet Kara\u00a0<\/p><p><strong>2. \u0130skenderun K\u00fclt\u00fcr Sanat Ve Dayan\u0131\u015fma Derne\u011fi:<\/strong>\u00a0Ba\u015fkan Asuman S\u00fcar<\/p><p><strong style=\"font-family: -apple-system, BlinkMacSystemFont, 'Segoe UI', Roboto, 'Helvetica Neue', Arial, 'Noto Sans', sans-serif, 'Apple Color Emoji', 'Segoe UI Emoji', 'Segoe UI Symbol', 'Noto Color Emoji'; font-size: 1rem;\">3. \u0130stanbul Hassa Sosyal Yard\u0131mla\u015fma ve Dayan\u0131\u015fma Derne\u011fi:<\/strong><span style=\"font-family: -apple-system, BlinkMacSystemFont, 'Segoe UI', Roboto, 'Helvetica Neue', Arial, 'Noto Sans', sans-serif, 'Apple Color Emoji', 'Segoe UI Emoji', 'Segoe UI Symbol', 'Noto Color Emoji'; font-size: 1rem;\"> Ba\u015fkan Cemil Durgun<\/span><\/p><p><strong>4. \u0130stanbul Reyhanl\u0131 Sosyal Yard\u0131mla\u015fma ve Dayan\u0131\u015fma Derne\u011fi:<\/strong> Ba\u015fkan Mahmut Ekmen<\/p><p><strong>6. \u0130stanbul Hatay Gastronomi ve E\u011fitim Derne\u011fi:<\/strong> Ba\u015fkan Ahmet Solako\u011flu<\/p><p>Federasyonumuz, bu dernekler arac\u0131l\u0131\u011f\u0131yla Hatay\u2019\u0131n k\u00fclt\u00fcrel miras\u0131n\u0131 gelecek nesillere ta\u015f\u0131may\u0131 ve hem\u015fehrilerimiz aras\u0131nda birlik, dayan\u0131\u015fma ve yard\u0131mla\u015fmay\u0131 g\u00fc\u00e7lendirmeyi hedeflemektedir.<\/p>\t\t\t\t\t\t\t\t<\/div>\n\t\t\t\t<\/div>\n\t\t\t\t\t<\/div>\n\t\t<\/div>\n\t\t\t\t\t<\/div>\n\t\t<\/section>\n\t\t\t\t<\/div>\n\t\t","protected":false},"excerpt":{"rendered":"<p>HAMEFED HATAY MEDEN\u0130YETLER FEDERASYONU ANTAKYA PARKIANTAKYA KATOL\u0130K K\u0130L\u0130SES\u0130ANTAKYA PROTESTAN K\u0130L\u0130SES\u0130BAKRAS KALES\u0130ERZ\u0130N BA\u015eLAMI\u015e KAPLICALARIESK\u0130 ANTAKYA EVLER\u0130HAB\u0130B\u0130 NECCAR CAM\u0130\u0130 HATAYIMIZ Hatay, binlerce y\u0131ll\u0131k ge\u00e7mi\u015fiyle bir\u00e7ok uygarl\u0131\u011fa ev sahipli\u011fi yapm\u0131\u015f bir \u015fehirdir. Arkeolojik bulgular, b\u00f6lgenin tarih \u00f6ncesi d\u00f6nemlerden itibaren yerle\u015fim g\u00f6rd\u00fc\u011f\u00fcn\u00fc g\u00f6stermektedir. Antakya, M.\u00d6. 300 y\u0131l\u0131nda B\u00fcy\u00fck \u0130skender\u2019in komutan\u0131 Seleukos Nikator taraf\u0131ndan kurulmu\u015f ve k\u0131sa s\u00fcrede Roma \u0130mparatorlu\u011fu\u2019nun [&hellip;]<\/p>\n","protected":false},"author":2,"featured_media":0,"parent":0,"menu_order":0,"comment_status":"closed","ping_status":"closed","template":"","meta":{"footnotes":""},"class_list":["post-1081","page","type-page","status-publish","hentry"],"_links":{"self":[{"href":"https:\/\/hamefed.org\/index.php\/wp-json\/wp\/v2\/pages\/1081","targetHints":{"allow":["GET"]}}],"collection":[{"href":"https:\/\/hamefed.org\/index.php\/wp-json\/wp\/v2\/pages"}],"about":[{"href":"https:\/\/hamefed.org\/index.php\/wp-json\/wp\/v2\/types\/page"}],"author":[{"embeddable":true,"href":"https:\/\/hamefed.org\/index.php\/wp-json\/wp\/v2\/users\/2"}],"replies":[{"embeddable":true,"href":"https:\/\/hamefed.org\/index.php\/wp-json\/wp\/v2\/comments?post=1081"}],"version-history":[{"count":67,"href":"https:\/\/hamefed.org\/index.php\/wp-json\/wp\/v2\/pages\/1081\/revisions"}],"predecessor-version":[{"id":2063,"href":"https:\/\/hamefed.org\/index.php\/wp-json\/wp\/v2\/pages\/1081\/revisions\/2063"}],"wp:attachment":[{"href":"https:\/\/hamefed.org\/index.php\/wp-json\/wp\/v2\/media?parent=1081"}],"curies":[{"name":"wp","href":"https:\/\/api.w.org\/{rel}","templated":true}]}}